{"id":38657,"date":"2022-01-26T12:48:53","date_gmt":"2022-01-26T11:48:53","guid":{"rendered":"https:\/\/legilius.sk\/?page_id=38657"},"modified":"2022-02-01T16:56:37","modified_gmt":"2022-02-01T15:56:37","slug":"arlista","status":"publish","type":"page","link":"https:\/\/legilius.sk\/hu\/arlista\/","title":{"rendered":"\u00c1rlista"},"content":{"rendered":"<p>[et_pb_section fb_built=&#8221;1&#8243; module_id=&#8221;rodinne&#8221; _builder_version=&#8221;4.9.1&#8243; use_background_color_gradient=&#8221;on&#8221; background_color_gradient_start=&#8221;rgba(255,255,255,0.97)&#8221; background_color_gradient_end=&#8221;rgba(255,255,255,0.91)&#8221; background_color_gradient_overlays_image=&#8221;on&#8221; background_enable_image=&#8221;off&#8221; module_alignment=&#8221;center&#8221; height_tablet=&#8221;&#8221; height_phone=&#8221;&#8221; height_last_edited=&#8221;on|phone&#8221; custom_margin=&#8221;0px||0px||false|false&#8221; custom_padding=&#8221;0px||50px||false|false&#8221; filter_saturate=&#8221;0%&#8221; border_width_top=&#8221;1px&#8221; border_color_top=&#8221;#695853&#8243; border_style_top=&#8221;dotted&#8221;][et_pb_row _builder_version=&#8221;4.3.2&#8243;][et_pb_column type=&#8221;4_4&#8243; _builder_version=&#8221;4.3.2&#8243;][et_pb_image src=&#8221;https:\/\/legilius.sk\/wp-content\/uploads\/2021\/12\/legilius-cennik-150.png&#8221; alt=&#8221;legilius cennik 150&#8243; title_text=&#8221;legilius cennik 150&#8243; align=&#8221;center&#8221; _builder_version=&#8221;4.9.1&#8243; _module_preset=&#8221;default&#8221; custom_padding=&#8221;40px||20px||false|false&#8221; filter_saturate=&#8221;0%&#8221; animation_style=&#8221;slide&#8221; animation_direction=&#8221;bottom&#8221; animation_duration=&#8221;300ms&#8221; animation_intensity_slide=&#8221;10%&#8221; transform_styles__hover_enabled=&#8221;off|desktop&#8221; transform_scale__hover_enabled=&#8221;off|desktop&#8221; transform_translate__hover_enabled=&#8221;off|desktop&#8221; transform_rotate__hover_enabled=&#8221;off|desktop&#8221; transform_skew__hover_enabled=&#8221;off|desktop&#8221; transform_origin__hover_enabled=&#8221;off|desktop&#8221; transform_scale__hover=&#8221;108%|108%&#8221;][\/et_pb_image][et_pb_text _builder_version=&#8221;4.9.1&#8243; text_font=&#8221;Roboto|300|||||||&#8221; text_text_color=&#8221;#000000&#8243; text_font_size=&#8221;20px&#8221; text_letter_spacing=&#8221;1px&#8221; text_line_height=&#8221;1.4em&#8221; header_4_font=&#8221;Roboto Condensed||||||||&#8221; header_4_font_size=&#8221;25px&#8221; header_4_letter_spacing=&#8221;1px&#8221; header_4_line_height=&#8221;1.4em&#8221; custom_margin=&#8221;-30px||||false|false&#8221; hover_enabled=&#8221;0&#8243; sticky_enabled=&#8221;0&#8243;]<\/p>\n<p>&nbsp;<\/p>\n<h4 class=\"stk-block-heading__text\" style=\"text-align: center;\">\u00c1rlista<\/h4>\n<p>&nbsp;<\/p>\n<p style=\"text-align: center;\">a d\u00edjaz\u00e1s az \u00fcgyf\u00e9llel megegyez\u00e9s alapj\u00e1n t\u00f6rt\u00e9nik. A ny\u00fajtott jogi szolg\u00e1ltat\u00e1s t\u00edpusa \u00e9s k\u00f6re szerint ker\u00fcl meghat\u00e1roz\u00e1sra a d\u00edjaz\u00e1s, \u00e9s az al\u00e1bbi form\u00e1k egyik\u00e9ben vagy ezek kombin\u00e1ci\u00f3j\u00e1ban \u00e1llapodhatnak \u00a0meg a felek egym\u00e1ssal<\/p>\n<p style=\"text-align: center;\"><span style=\"text-decoration: underline;\"><\/span><\/p>\n<p style=\"text-align: center;\"><span style=\"text-decoration: underline;\"><\/span><\/p>\n<p style=\"text-align: center;\"><span style=\"text-decoration: underline;\">\u00c1tal\u00e1nyd\u00edjaz\u00e1s<\/span><\/p>\n<h4 style=\"text-align: center;\"><span>\u25cb<\/span><\/h4>\n<p style=\"text-align: center;\">a felek meg\u00e1llapodnak a dologi eset vagy dologi esetek teljes k\u00f6r\u0171 felt\u00e1r\u00e1s\u00e1ban, ill. meghat\u00e1rozott id\u0151tartamra vagy hat\u00e1rozatlan id\u0151re sz\u00f3l\u00f3 jogi szolg\u00e1ltat\u00e1s ny\u00fajt\u00e1s\u00e1ban<\/p>\n<p style=\"text-align: center;\"><span style=\"text-decoration: underline;\"><\/span><\/p>\n<p style=\"text-align: center;\"><span style=\"text-decoration: underline;\"><\/span><\/p>\n<p style=\"text-align: center;\"><u>\u00c9rt\u00e9k alap\u00fa tarifa<\/u><\/p>\n<h4 style=\"text-align: center;\">\u25cb<\/h4>\n<p style=\"text-align: center;\">a d\u00edjaz\u00e1s alapj\u00e1t k\u00e9pezi a t\u00e1rgy \u00e9rt\u00e9ke, illetve a jog fajt\u00e1ja \u00e9s az \u00e1ltalunk elv\u00e9gzett cselekm\u00e9nyek sz\u00e1ma<\/p>\n<p style=\"text-align: center;\"><span style=\"text-decoration: underline;\"><\/span><\/p>\n<p style=\"text-align: center;\"><span style=\"text-decoration: underline;\">\u00d3ra d\u00edj<\/span><\/p>\n<h4 style=\"text-align: center;\"><span>\u25cb<\/span><\/h4>\n<p style=\"text-align: center;\">a jogi szolg\u00e1ltat\u00e1sok teljes\u00edt\u00e9s\u00e9hez sz\u00fcks\u00e9ges \u00f3rasz\u00e1m hat\u00e1rozza meg<\/p>\n<p style=\"text-align: center;\"><span style=\"text-decoration: underline;\"><\/span><\/p>\n<p style=\"text-align: center;\"><u>R\u00e9szesed\u00e9si d\u00edjaz\u00e1s<\/u><\/p>\n<h4 style=\"text-align: center;\"><span>\u25cb<\/span><\/h4>\n<p style=\"text-align: center;\">ebben az esetben akkor \u00e1llapodnak meg a felek, ha a vita kimenetele bizonytalan, \u00e9s a b\u00edr\u00f3s\u00e1g vagy m\u00e1s hat\u00f3s\u00e1g el\u0151tti elj\u00e1r\u00e1s t\u00e1rgy\u00e1t k\u00e9pez\u0151 \u00fcgy \u00e9rt\u00e9k\u00e9nek meg\u00e1llapod\u00e1s szerinti p\u00e9nzbeli r\u00e9szesed\u00e9sek\u00e9nt hat\u00e1rozz\u00e1k meg a d\u00edjjaz\u00e1st. A r\u00e9szesed\u00e9si jutal\u00e9k ebben az esetben maxim\u00e1lis \u00f6sszege nem haladhatja meg az eset \u00e9rt\u00e9k\u00e9nek 20%-\u00e1t<\/p>\n<p>[\/et_pb_text][\/et_pb_column][\/et_pb_row][\/et_pb_section]<\/p>\n","protected":false},"excerpt":{"rendered":"<p>&nbsp; \u00c1rlista &nbsp; a d\u00edjaz\u00e1s az \u00fcgyf\u00e9llel megegyez\u00e9s alapj\u00e1n t\u00f6rt\u00e9nik. A ny\u00fajtott jogi szolg\u00e1ltat\u00e1s t\u00edpusa \u00e9s k\u00f6re szerint ker\u00fcl meghat\u00e1roz\u00e1sra a d\u00edjaz\u00e1s, \u00e9s az al\u00e1bbi form\u00e1k egyik\u00e9ben vagy ezek kombin\u00e1ci\u00f3j\u00e1ban \u00e1llapodhatnak \u00a0meg a felek egym\u00e1ssal \u00c1tal\u00e1nyd\u00edjaz\u00e1s \u25cb a felek meg\u00e1llapodnak a dologi eset vagy dologi esetek teljes k\u00f6r\u0171 felt\u00e1r\u00e1s\u00e1ban, ill. meghat\u00e1rozott id\u0151tartamra vagy hat\u00e1rozatlan id\u0151re [&hellip;]<\/p>\n","protected":false},"author":1,"featured_media":0,"parent":0,"menu_order":0,"comment_status":"closed","ping_status":"closed","template":"","meta":{"_et_pb_use_builder":"on","_et_pb_old_content":"","_et_gb_content_width":"","footnotes":""},"class_list":["post-38657","page","type-page","status-publish","hentry"],"yoast_head":"<!-- This site is optimized with the Yoast SEO plugin v27.0 - https:\/\/yoast.com\/product\/yoast-seo-wordpress\/ -->\n<title>\u00c1rlista | Dr. Tak\u00e1cs Zsuzsanna, \u00fcgyv\u00e9d | LEGILIUS<\/title>\n<meta name=\"description\" content=\"\u00dczleti \/ F\u00f6ldjog, Csal\u00e1djog, \u00dczleti felt\u00e9telek e-shopokhoz, Szerz\u0151d\u00e9sek el\u0151k\u00e9sz\u00edt\u00e9se \u00e9s szerkeszt\u00e9se, K\u00e9pviselet k\u00f6zigazgat\u00e1si elj\u00e1r\u00e1sokban.\" \/>\n<meta name=\"robots\" content=\"index, follow, max-snippet:-1, max-image-preview:large, max-video-preview:-1\" \/>\n<link rel=\"canonical\" href=\"https:\/\/legilius.sk\/hu\/arlista\/\" \/>\n<meta property=\"og:locale\" content=\"hu_HU\" \/>\n<meta property=\"og:type\" content=\"article\" \/>\n<meta property=\"og:title\" content=\"\u00c1rlista | Dr. Tak\u00e1cs Zsuzsanna, \u00fcgyv\u00e9d | LEGILIUS\" \/>\n<meta property=\"og:description\" content=\"\u00dczleti \/ F\u00f6ldjog, Csal\u00e1djog, \u00dczleti felt\u00e9telek e-shopokhoz, Szerz\u0151d\u00e9sek el\u0151k\u00e9sz\u00edt\u00e9se \u00e9s szerkeszt\u00e9se, K\u00e9pviselet k\u00f6zigazgat\u00e1si elj\u00e1r\u00e1sokban.\" \/>\n<meta property=\"og:url\" content=\"https:\/\/legilius.sk\/hu\/arlista\/\" \/>\n<meta property=\"og:site_name\" content=\"JUDr. Zuzana Tak\u00e1csov\u00e1, Advok\u00e1tka\" \/>\n<meta property=\"article:modified_time\" content=\"2022-02-01T15:56:37+00:00\" \/>\n<meta name=\"twitter:label1\" content=\"Becs\u00fclt olvas\u00e1si id\u0151\" \/>\n\t<meta name=\"twitter:data1\" content=\"2 perc\" \/>\n<script type=\"application\/ld+json\" class=\"yoast-schema-graph\">{\"@context\":\"https:\/\/schema.org\",\"@graph\":[{\"@type\":\"WebPage\",\"@id\":\"https:\/\/legilius.sk\/hu\/arlista\/\",\"url\":\"https:\/\/legilius.sk\/hu\/arlista\/\",\"name\":\"\u00c1rlista | Dr. Tak\u00e1cs Zsuzsanna, \u00fcgyv\u00e9d | LEGILIUS\",\"isPartOf\":{\"@id\":\"https:\/\/legilius.sk\/#website\"},\"datePublished\":\"2022-01-26T11:48:53+00:00\",\"dateModified\":\"2022-02-01T15:56:37+00:00\",\"description\":\"\u00dczleti \/ F\u00f6ldjog, Csal\u00e1djog, \u00dczleti felt\u00e9telek e-shopokhoz, Szerz\u0151d\u00e9sek el\u0151k\u00e9sz\u00edt\u00e9se \u00e9s szerkeszt\u00e9se, K\u00e9pviselet k\u00f6zigazgat\u00e1si elj\u00e1r\u00e1sokban.\",\"breadcrumb\":{\"@id\":\"https:\/\/legilius.sk\/hu\/arlista\/#breadcrumb\"},\"inLanguage\":\"hu\",\"potentialAction\":[{\"@type\":\"ReadAction\",\"target\":[\"https:\/\/legilius.sk\/hu\/arlista\/\"]}]},{\"@type\":\"BreadcrumbList\",\"@id\":\"https:\/\/legilius.sk\/hu\/arlista\/#breadcrumb\",\"itemListElement\":[{\"@type\":\"ListItem\",\"position\":1,\"name\":\"Home\",\"item\":\"https:\/\/legilius.sk\/hu\/\"},{\"@type\":\"ListItem\",\"position\":2,\"name\":\"\u00c1rlista\"}]},{\"@type\":\"WebSite\",\"@id\":\"https:\/\/legilius.sk\/#website\",\"url\":\"https:\/\/legilius.sk\/\",\"name\":\"JUDr. Zuzana Tak\u00e1csov\u00e1, Advok\u00e1tka\",\"description\":\"\",\"publisher\":{\"@id\":\"https:\/\/legilius.sk\/#organization\"},\"potentialAction\":[{\"@type\":\"SearchAction\",\"target\":{\"@type\":\"EntryPoint\",\"urlTemplate\":\"https:\/\/legilius.sk\/?s={search_term_string}\"},\"query-input\":{\"@type\":\"PropertyValueSpecification\",\"valueRequired\":true,\"valueName\":\"search_term_string\"}}],\"inLanguage\":\"hu\"},{\"@type\":\"Organization\",\"@id\":\"https:\/\/legilius.sk\/#organization\",\"name\":\"LEGILIUS\",\"url\":\"https:\/\/legilius.sk\/\",\"logo\":{\"@type\":\"ImageObject\",\"inLanguage\":\"hu\",\"@id\":\"https:\/\/legilius.sk\/#\/schema\/logo\/image\/\",\"url\":\"https:\/\/legilius.sk\/wp-content\/uploads\/2021\/12\/legilius-logo-final.png\",\"contentUrl\":\"https:\/\/legilius.sk\/wp-content\/uploads\/2021\/12\/legilius-logo-final.png\",\"width\":250,\"height\":77,\"caption\":\"LEGILIUS\"},\"image\":{\"@id\":\"https:\/\/legilius.sk\/#\/schema\/logo\/image\/\"}}]}<\/script>\n<!-- \/ Yoast SEO plugin. -->","yoast_head_json":{"title":"\u00c1rlista | Dr. Tak\u00e1cs Zsuzsanna, \u00fcgyv\u00e9d | LEGILIUS","description":"\u00dczleti \/ F\u00f6ldjog, Csal\u00e1djog, \u00dczleti felt\u00e9telek e-shopokhoz, Szerz\u0151d\u00e9sek el\u0151k\u00e9sz\u00edt\u00e9se \u00e9s szerkeszt\u00e9se, K\u00e9pviselet k\u00f6zigazgat\u00e1si elj\u00e1r\u00e1sokban.","robots":{"index":"index","follow":"follow","max-snippet":"max-snippet:-1","max-image-preview":"max-image-preview:large","max-video-preview":"max-video-preview:-1"},"canonical":"https:\/\/legilius.sk\/hu\/arlista\/","og_locale":"hu_HU","og_type":"article","og_title":"\u00c1rlista | Dr. Tak\u00e1cs Zsuzsanna, \u00fcgyv\u00e9d | LEGILIUS","og_description":"\u00dczleti \/ F\u00f6ldjog, Csal\u00e1djog, \u00dczleti felt\u00e9telek e-shopokhoz, Szerz\u0151d\u00e9sek el\u0151k\u00e9sz\u00edt\u00e9se \u00e9s szerkeszt\u00e9se, K\u00e9pviselet k\u00f6zigazgat\u00e1si elj\u00e1r\u00e1sokban.","og_url":"https:\/\/legilius.sk\/hu\/arlista\/","og_site_name":"JUDr. Zuzana Tak\u00e1csov\u00e1, Advok\u00e1tka","article_modified_time":"2022-02-01T15:56:37+00:00","twitter_misc":{"Becs\u00fclt olvas\u00e1si id\u0151":"2 perc"},"schema":{"@context":"https:\/\/schema.org","@graph":[{"@type":"WebPage","@id":"https:\/\/legilius.sk\/hu\/arlista\/","url":"https:\/\/legilius.sk\/hu\/arlista\/","name":"\u00c1rlista | Dr. Tak\u00e1cs Zsuzsanna, \u00fcgyv\u00e9d | LEGILIUS","isPartOf":{"@id":"https:\/\/legilius.sk\/#website"},"datePublished":"2022-01-26T11:48:53+00:00","dateModified":"2022-02-01T15:56:37+00:00","description":"\u00dczleti \/ F\u00f6ldjog, Csal\u00e1djog, \u00dczleti felt\u00e9telek e-shopokhoz, Szerz\u0151d\u00e9sek el\u0151k\u00e9sz\u00edt\u00e9se \u00e9s szerkeszt\u00e9se, K\u00e9pviselet k\u00f6zigazgat\u00e1si elj\u00e1r\u00e1sokban.","breadcrumb":{"@id":"https:\/\/legilius.sk\/hu\/arlista\/#breadcrumb"},"inLanguage":"hu","potentialAction":[{"@type":"ReadAction","target":["https:\/\/legilius.sk\/hu\/arlista\/"]}]},{"@type":"BreadcrumbList","@id":"https:\/\/legilius.sk\/hu\/arlista\/#breadcrumb","itemListElement":[{"@type":"ListItem","position":1,"name":"Home","item":"https:\/\/legilius.sk\/hu\/"},{"@type":"ListItem","position":2,"name":"\u00c1rlista"}]},{"@type":"WebSite","@id":"https:\/\/legilius.sk\/#website","url":"https:\/\/legilius.sk\/","name":"JUDr. Zuzana Tak\u00e1csov\u00e1, Advok\u00e1tka","description":"","publisher":{"@id":"https:\/\/legilius.sk\/#organization"},"potentialAction":[{"@type":"SearchAction","target":{"@type":"EntryPoint","urlTemplate":"https:\/\/legilius.sk\/?s={search_term_string}"},"query-input":{"@type":"PropertyValueSpecification","valueRequired":true,"valueName":"search_term_string"}}],"inLanguage":"hu"},{"@type":"Organization","@id":"https:\/\/legilius.sk\/#organization","name":"LEGILIUS","url":"https:\/\/legilius.sk\/","logo":{"@type":"ImageObject","inLanguage":"hu","@id":"https:\/\/legilius.sk\/#\/schema\/logo\/image\/","url":"https:\/\/legilius.sk\/wp-content\/uploads\/2021\/12\/legilius-logo-final.png","contentUrl":"https:\/\/legilius.sk\/wp-content\/uploads\/2021\/12\/legilius-logo-final.png","width":250,"height":77,"caption":"LEGILIUS"},"image":{"@id":"https:\/\/legilius.sk\/#\/schema\/logo\/image\/"}}]}},"_links":{"self":[{"href":"https:\/\/legilius.sk\/hu\/wp-json\/wp\/v2\/pages\/38657","targetHints":{"allow":["GET"]}}],"collection":[{"href":"https:\/\/legilius.sk\/hu\/wp-json\/wp\/v2\/pages"}],"about":[{"href":"https:\/\/legilius.sk\/hu\/wp-json\/wp\/v2\/types\/page"}],"author":[{"embeddable":true,"href":"https:\/\/legilius.sk\/hu\/wp-json\/wp\/v2\/users\/1"}],"replies":[{"embeddable":true,"href":"https:\/\/legilius.sk\/hu\/wp-json\/wp\/v2\/comments?post=38657"}],"version-history":[{"count":4,"href":"https:\/\/legilius.sk\/hu\/wp-json\/wp\/v2\/pages\/38657\/revisions"}],"predecessor-version":[{"id":38904,"href":"https:\/\/legilius.sk\/hu\/wp-json\/wp\/v2\/pages\/38657\/revisions\/38904"}],"wp:attachment":[{"href":"https:\/\/legilius.sk\/hu\/wp-json\/wp\/v2\/media?parent=38657"}],"curies":[{"name":"wp","href":"https:\/\/api.w.org\/{rel}","templated":true}]}}